{"id":160,"date":"2016-08-13T12:18:04","date_gmt":"2016-08-13T10:18:04","guid":{"rendered":"http:\/\/seo1.home.pl\/seo_org\/?page_id=160"},"modified":"2023-06-30T00:32:46","modified_gmt":"2023-06-29T22:32:46","slug":"o-nas","status":"publish","type":"page","link":"https:\/\/seo.org.pl\/en\/o-nas\/","title":{"rendered":"Association"},"content":{"rendered":"\t\t<div data-elementor-type=\"wp-page\" data-elementor-id=\"160\" class=\"elementor elementor-160\">\n\t\t\t\t\t\t<section class=\"elementor-section elementor-top-section elementor-element elementor-element-1a7b05c elementor-section-boxed elementor-section-height-default elementor-section-height-default\" data-id=\"1a7b05c\" data-element_type=\"section\" data-e-type=\"section\">\n\t\t\t\t\t\t<div class=\"elementor-container elementor-column-gap-wide\">\n\t\t\t\t\t<div class=\"elementor-column elementor-col-66 elementor-top-column elementor-element elementor-element-90f2b1a\" data-id=\"90f2b1a\" data-element_type=\"column\" data-e-type=\"column\">\n\t\t\t<div class=\"elementor-widget-wrap elementor-element-populated\">\n\t\t\t\t\t\t<div class=\"elementor-element elementor-element-f3a5ea2 elementor-widget elementor-widget-heading\" data-id=\"f3a5ea2\" data-element_type=\"widget\" data-e-type=\"widget\" data-widget_type=\"heading.default\">\n\t\t\t\t<div class=\"elementor-widget-container\">\n\t\t\t\t\t<h3 class=\"elementor-heading-title elementor-size-default\">Stowarzyszenie jest organizacj\u0105 pozarz\u0105dow\u0105 promuj\u0105c\u0105 i dzia\u0142aj\u0105c\u0105 na rzecz rozwoju odnawialnych \u017ar\u00f3de\u0142 energii. Budujemy przestrze\u0144 do dyskusji, wypracowujemy rozwi\u0105zania eksperckie, staramy si\u0119 przekonywa\u0107, \u017ce wytwarzanie energii nie musi pozostawa\u0107 w konflikcie ze stanem \u015brodowiska naturalnego.<\/h3>\t\t\t\t<\/div>\n\t\t\t\t<\/div>\n\t\t\t\t<div class=\"elementor-element elementor-element-f56d5a6 elementor-widget-divider--separator-type-pattern elementor-widget-divider--view-line elementor-widget elementor-widget-divider\" data-id=\"f56d5a6\" data-element_type=\"widget\" data-e-type=\"widget\" data-widget_type=\"divider.default\">\n\t\t\t\t<div class=\"elementor-widget-container\">\n\t\t\t\t\t\t\t<div class=\"elementor-divider\" style=\"--divider-pattern-url: url(&quot;data:image\/svg+xml,%3Csvg xmlns=&#039;http:\/\/www.w3.org\/2000\/svg&#039; preserveAspectRatio=&#039;none&#039; overflow=&#039;visible&#039; height=&#039;100%&#039; viewBox=&#039;0 0 24 24&#039; fill=&#039;none&#039; stroke=&#039;black&#039; stroke-width=&#039;2&#039; stroke-linecap=&#039;square&#039; stroke-miterlimit=&#039;10&#039;%3E%3Cpolyline points=&#039;0,18 12,6 24,18 &#039;\/%3E%3C\/svg%3E&quot;);\">\n\t\t\t<span class=\"elementor-divider-separator\">\n\t\t\t\t\t\t<\/span>\n\t\t<\/div>\n\t\t\t\t\t\t<\/div>\n\t\t\t\t<\/div>\n\t\t\t\t<div class=\"elementor-element elementor-element-7a30905 elementor-widget elementor-widget-text-editor\" data-id=\"7a30905\" data-element_type=\"widget\" data-e-type=\"widget\" data-widget_type=\"text-editor.default\">\n\t\t\t\t<div class=\"elementor-widget-container\">\n\t\t\t\t\t\t\t\t\tStowarzyszenie Energii Odnawialnej tworzy platform\u0119 porozumienia pomi\u0119dzy firmami  zwi\u0105zanymi z bran\u017c\u0105 OZE oraz mi\u0119dzy tymi podmiotami a organami administracji pa\u0144stwowej. SEO buduje \u015bwiadomo\u015b\u0107 spo\u0142eczn\u0105 w zakresie ekologii i odnawialnych \u017ar\u00f3de\u0142 energii poprzez inicjowanie i realizacj\u0119 kampanii o charakterze edukacyjnym i wspieranie wszelkich inicjatyw wpisuj\u0105cych si\u0119 w za\u0142o\u017cenia statutowe organizacji.\t\t\t\t\t\t\t\t<\/div>\n\t\t\t\t<\/div>\n\t\t\t\t<div class=\"elementor-element elementor-element-08fad6a elementor-widget elementor-widget-text-editor\" data-id=\"08fad6a\" data-element_type=\"widget\" data-e-type=\"widget\" data-widget_type=\"text-editor.default\">\n\t\t\t\t<div class=\"elementor-widget-container\">\n\t\t\t\t\t\t\t\t\tNaszym celem jest usuwanie barier stoj\u0105cych na drodze do efektywnego i zr\u00f3wnowa\u017conego  rozwoju gospodarczego Polski w obszarze odnawialnych \u017ar\u00f3de\u0142 energii. Stowarzyszenie stanowi platform\u0119 dla dzia\u0142a\u0144 o charakterze gospodarczym  i prawnym w obszarze energetyki odnawialnej. Wypracowane przez nas stanowiska i propozycje rozwi\u0105za\u0144 legislacyjnych stanowi\u0105 wk\u0142ad w dzia\u0142alno\u015b\u0107 eksperck\u0105, realizowan\u0105 przy wsp\u00f3\u0142pracy z w\u0142a\u015bciwymi organami administracji centralnej oraz samorz\u0105dowej.\t\t\t\t\t\t\t\t<\/div>\n\t\t\t\t<\/div>\n\t\t\t\t\t<\/div>\n\t\t<\/div>\n\t\t\t\t<div class=\"elementor-column elementor-col-33 elementor-top-column elementor-element elementor-element-2c771d5\" data-id=\"2c771d5\" data-element_type=\"column\" data-e-type=\"column\" data-settings=\"{&quot;background_background&quot;:&quot;classic&quot;}\">\n\t\t\t<div class=\"elementor-widget-wrap elementor-element-populated\">\n\t\t\t\t\t\t<div class=\"elementor-element elementor-element-53afeed elementor-widget elementor-widget-image\" data-id=\"53afeed\" data-element_type=\"widget\" data-e-type=\"widget\" data-widget_type=\"image.default\">\n\t\t\t\t<div class=\"elementor-widget-container\">\n\t\t\t\t\t\t\t\t\t\t\t\t\t\t\t<img fetchpriority=\"high\" decoding=\"async\" width=\"512\" height=\"512\" src=\"https:\/\/seo.org.pl\/wp-content\/uploads\/2023\/06\/team.png\" class=\"attachment-large size-large wp-image-14946\" alt=\"\" srcset=\"https:\/\/seo.org.pl\/wp-content\/uploads\/2023\/06\/team.png 512w, https:\/\/seo.org.pl\/wp-content\/uploads\/2023\/06\/team-300x300.png 300w, https:\/\/seo.org.pl\/wp-content\/uploads\/2023\/06\/team-150x150.png 150w\" sizes=\"(max-width: 512px) 100vw, 512px\" \/>\t\t\t\t\t\t\t\t\t\t\t\t\t\t\t<\/div>\n\t\t\t\t<\/div>\n\t\t\t\t<div class=\"elementor-element elementor-element-053e20f elementor-widget elementor-widget-heading\" data-id=\"053e20f\" data-element_type=\"widget\" data-e-type=\"widget\" data-widget_type=\"heading.default\">\n\t\t\t\t<div class=\"elementor-widget-container\">\n\t\t\t\t\t<h3 class=\"elementor-heading-title elementor-size-default\">W\u0142adze Stowarzyszenia<\/h3>\t\t\t\t<\/div>\n\t\t\t\t<\/div>\n\t\t\t\t<div class=\"elementor-element elementor-element-f6e9a38 elementor-widget-divider--separator-type-pattern elementor-widget-divider--view-line elementor-widget elementor-widget-divider\" data-id=\"f6e9a38\" data-element_type=\"widget\" data-e-type=\"widget\" data-widget_type=\"divider.default\">\n\t\t\t\t<div class=\"elementor-widget-container\">\n\t\t\t\t\t\t\t<div class=\"elementor-divider\" style=\"--divider-pattern-url: url(&quot;data:image\/svg+xml,%3Csvg xmlns=&#039;http:\/\/www.w3.org\/2000\/svg&#039; preserveAspectRatio=&#039;none&#039; overflow=&#039;visible&#039; height=&#039;100%&#039; viewBox=&#039;0 0 24 24&#039; fill=&#039;none&#039; stroke=&#039;black&#039; stroke-width=&#039;2&#039; stroke-linecap=&#039;square&#039; stroke-miterlimit=&#039;10&#039;%3E%3Cpolyline points=&#039;0,18 12,6 24,18 &#039;\/%3E%3C\/svg%3E&quot;);\">\n\t\t\t<span class=\"elementor-divider-separator\">\n\t\t\t\t\t\t<\/span>\n\t\t<\/div>\n\t\t\t\t\t\t<\/div>\n\t\t\t\t<\/div>\n\t\t\t\t<div class=\"elementor-element elementor-element-4dea0b3 elementor-widget elementor-widget-spacer\" data-id=\"4dea0b3\" data-element_type=\"widget\" data-e-type=\"widget\" data-widget_type=\"spacer.default\">\n\t\t\t\t<div class=\"elementor-widget-container\">\n\t\t\t\t\t\t\t<div class=\"elementor-spacer\">\n\t\t\t<div class=\"elementor-spacer-inner\"><\/div>\n\t\t<\/div>\n\t\t\t\t\t\t<\/div>\n\t\t\t\t<\/div>\n\t\t\t\t<div class=\"elementor-element elementor-element-d45d907 pp-dual-heading-inline elementor-widget elementor-widget-pp-dual-heading\" data-id=\"d45d907\" data-element_type=\"widget\" data-e-type=\"widget\" data-widget_type=\"pp-dual-heading.default\">\n\t\t\t\t<div class=\"elementor-widget-container\">\n\t\t\t\t\t<h3 class=\"pp-dual-heading\"><span class=\"pp-first-text\">Prezes Zarz\u0105du &#8211;<\/span><span class=\"pp-second-text\"> Sebastian Kwapuli\u0144ski<\/span><\/h3>\t\t\t\t<\/div>\n\t\t\t\t<\/div>\n\t\t\t\t<div class=\"elementor-element elementor-element-85119e1 pp-dual-heading-inline elementor-widget elementor-widget-pp-dual-heading\" data-id=\"85119e1\" data-element_type=\"widget\" data-e-type=\"widget\" data-widget_type=\"pp-dual-heading.default\">\n\t\t\t\t<div class=\"elementor-widget-container\">\n\t\t\t\t\t<h3 class=\"pp-dual-heading\"><span class=\"pp-first-text\">Wiceprezes Zarz\u0105du &#8211;<\/span><span class=\"pp-second-text\">W\u0142odzimierz Ehrenhalt<\/span><\/h3>\t\t\t\t<\/div>\n\t\t\t\t<\/div>\n\t\t\t\t<div class=\"elementor-element elementor-element-cc1aecd pp-dual-heading-inline elementor-widget elementor-widget-pp-dual-heading\" data-id=\"cc1aecd\" data-element_type=\"widget\" data-e-type=\"widget\" data-widget_type=\"pp-dual-heading.default\">\n\t\t\t\t<div class=\"elementor-widget-container\">\n\t\t\t\t\t<h3 class=\"pp-dual-heading\"><span class=\"pp-first-text\">Wiceprezes Zarz\u0105du &#8211; <\/span><span class=\"pp-second-text\">Andrzej Konarowski<\/span><\/h3>\t\t\t\t<\/div>\n\t\t\t\t<\/div>\n\t\t\t\t<div class=\"elementor-element elementor-element-0fa2913 pp-dual-heading-inline elementor-widget elementor-widget-pp-dual-heading\" data-id=\"0fa2913\" data-element_type=\"widget\" data-e-type=\"widget\" data-widget_type=\"pp-dual-heading.default\">\n\t\t\t\t<div class=\"elementor-widget-container\">\n\t\t\t\t\t<h3 class=\"pp-dual-heading\"><span class=\"pp-first-text\">Wiceprezes Zarz\u0105du &#8211; <\/span><span class=\"pp-second-text\">Marek Rojewski<\/span><\/h3>\t\t\t\t<\/div>\n\t\t\t\t<\/div>\n\t\t\t\t<div class=\"elementor-element elementor-element-8a69dd3 pp-dual-heading-inline elementor-widget elementor-widget-pp-dual-heading\" data-id=\"8a69dd3\" data-element_type=\"widget\" data-e-type=\"widget\" data-widget_type=\"pp-dual-heading.default\">\n\t\t\t\t<div class=\"elementor-widget-container\">\n\t\t\t\t\t<h3 class=\"pp-dual-heading\"><span class=\"pp-first-text\">Wiceprezes Zarz\u0105du &#8211; <\/span><span class=\"pp-second-text\">\u0141ukasz Zag\u00f3rski<\/span><\/h3>\t\t\t\t<\/div>\n\t\t\t\t<\/div>\n\t\t\t\t<div class=\"elementor-element elementor-element-05be7ed pp-dual-heading-inline elementor-widget elementor-widget-pp-dual-heading\" data-id=\"05be7ed\" data-element_type=\"widget\" data-e-type=\"widget\" data-widget_type=\"pp-dual-heading.default\">\n\t\t\t\t<div class=\"elementor-widget-container\">\n\t\t\t\t\t<h3 class=\"pp-dual-heading\"><span class=\"pp-first-text\">Wiceprezes Zarz\u0105du &#8211; <\/span><span class=\"pp-second-text\">Marek Grzegorzewicz<\/span><\/h3>\t\t\t\t<\/div>\n\t\t\t\t<\/div>\n\t\t\t\t<div class=\"elementor-element elementor-element-af0372e pp-dual-heading-inline elementor-widget elementor-widget-pp-dual-heading\" data-id=\"af0372e\" data-element_type=\"widget\" data-e-type=\"widget\" data-widget_type=\"pp-dual-heading.default\">\n\t\t\t\t<div class=\"elementor-widget-container\">\n\t\t\t\t\t<h3 class=\"pp-dual-heading\"><span class=\"pp-first-text\">Wiceprezes Zarz\u0105du &#8211; <\/span><span class=\"pp-second-text\">Micha\u0142 Sobczyk<\/span><\/h3>\t\t\t\t<\/div>\n\t\t\t\t<\/div>\n\t\t\t\t\t<\/div>\n\t\t<\/div>\n\t\t\t\t\t<\/div>\n\t\t<\/section>\n\t\t\t\t<\/div>\n\t\t","protected":false},"excerpt":{"rendered":"<p>Stowarzyszenie jest organizacj\u0105 pozarz\u0105dow\u0105 promuj\u0105c\u0105 i dzia\u0142aj\u0105c\u0105 na rzecz rozwoju odnawialnych \u017ar\u00f3de\u0142 energii. Budujemy przestrze\u0144 do dyskusji, wypracowujemy rozwi\u0105zania eksperckie, staramy si\u0119 przekonywa\u0107, \u017ce wytwarzanie energii nie musi pozostawa\u0107 w konflikcie ze stanem \u015brodowiska naturalnego. Stowarzyszenie Energii Odnawialnej tworzy platform\u0119 porozumienia pomi\u0119dzy firmami zwi\u0105zanymi z bran\u017c\u0105 OZE oraz mi\u0119dzy tymi podmiotami a organami administracji pa\u0144stwowej. [&hellip;]<\/p>\n","protected":false},"author":1,"featured_media":0,"parent":0,"menu_order":2,"comment_status":"closed","ping_status":"closed","template":"","meta":{"ocean_post_layout":"","ocean_both_sidebars_style":"","ocean_both_sidebars_content_width":0,"ocean_both_sidebars_sidebars_width":0,"ocean_sidebar":"0","ocean_second_sidebar":"0","ocean_disable_margins":"on","ocean_add_body_class":"","ocean_shortcode_before_top_bar":"","ocean_shortcode_after_top_bar":"","ocean_shortcode_before_header":"","ocean_shortcode_after_header":"","ocean_has_shortcode":"","ocean_shortcode_after_title":"","ocean_shortcode_before_footer_widgets":"","ocean_shortcode_after_footer_widgets":"","ocean_shortcode_before_footer_bottom":"","ocean_shortcode_after_footer_bottom":"","ocean_display_top_bar":"default","ocean_display_header":"default","ocean_header_style":"","ocean_center_header_left_menu":"0","ocean_custom_header_template":"0","ocean_custom_logo":0,"ocean_custom_retina_logo":0,"ocean_custom_logo_max_width":0,"ocean_custom_logo_tablet_max_width":0,"ocean_custom_logo_mobile_max_width":0,"ocean_custom_logo_max_height":0,"ocean_custom_logo_tablet_max_height":0,"ocean_custom_logo_mobile_max_height":0,"ocean_header_custom_menu":"0","ocean_menu_typo_font_family":"0","ocean_menu_typo_font_subset":"","ocean_menu_typo_font_size":0,"ocean_menu_typo_font_size_tablet":0,"ocean_menu_typo_font_size_mobile":0,"ocean_menu_typo_font_size_unit":"px","ocean_menu_typo_font_weight":"","ocean_menu_typo_font_weight_tablet":"","ocean_menu_typo_font_weight_mobile":"","ocean_menu_typo_transform":"","ocean_menu_typo_transform_tablet":"","ocean_menu_typo_transform_mobile":"","ocean_menu_typo_line_height":0,"ocean_menu_typo_line_height_tablet":0,"ocean_menu_typo_line_height_mobile":0,"ocean_menu_typo_line_height_unit":"","ocean_menu_typo_spacing":0,"ocean_menu_typo_spacing_tablet":0,"ocean_menu_typo_spacing_mobile":0,"ocean_menu_typo_spacing_unit":"","ocean_menu_link_color":"","ocean_menu_link_color_hover":"","ocean_menu_link_color_active":"","ocean_menu_link_background":"","ocean_menu_link_hover_background":"","ocean_menu_link_active_background":"","ocean_menu_social_links_bg":"","ocean_menu_social_hover_links_bg":"","ocean_menu_social_links_color":"","ocean_menu_social_hover_links_color":"","ocean_disable_title":"default","ocean_disable_heading":"default","ocean_post_title":"","ocean_post_subheading":"","ocean_post_title_style":"","ocean_post_title_background_color":"","ocean_post_title_background":0,"ocean_post_title_bg_image_position":"","ocean_post_title_bg_image_attachment":"","ocean_post_title_bg_image_repeat":"","ocean_post_title_bg_image_size":"","ocean_post_title_height":0,"ocean_post_title_bg_overlay":0.5,"ocean_post_title_bg_overlay_color":"","ocean_disable_breadcrumbs":"default","ocean_breadcrumbs_color":"","ocean_breadcrumbs_separator_color":"","ocean_breadcrumbs_links_color":"","ocean_breadcrumbs_links_hover_color":"","ocean_display_footer_widgets":"default","ocean_display_footer_bottom":"default","ocean_custom_footer_template":"0","footnotes":""},"class_list":["post-160","page","type-page","status-publish","hentry","entry"],"_links":{"self":[{"href":"https:\/\/seo.org.pl\/en\/wp-json\/wp\/v2\/pages\/160","targetHints":{"allow":["GET"]}}],"collection":[{"href":"https:\/\/seo.org.pl\/en\/wp-json\/wp\/v2\/pages"}],"about":[{"href":"https:\/\/seo.org.pl\/en\/wp-json\/wp\/v2\/types\/page"}],"author":[{"embeddable":true,"href":"https:\/\/seo.org.pl\/en\/wp-json\/wp\/v2\/users\/1"}],"replies":[{"embeddable":true,"href":"https:\/\/seo.org.pl\/en\/wp-json\/wp\/v2\/comments?post=160"}],"version-history":[{"count":0,"href":"https:\/\/seo.org.pl\/en\/wp-json\/wp\/v2\/pages\/160\/revisions"}],"wp:attachment":[{"href":"https:\/\/seo.org.pl\/en\/wp-json\/wp\/v2\/media?parent=160"}],"curies":[{"name":"wp","href":"https:\/\/api.w.org\/{rel}","templated":true}]}}