{"id":12535,"date":"2021-08-09T17:52:19","date_gmt":"2021-08-09T15:52:19","guid":{"rendered":"http:\/\/seo.org.pl\/?page_id=12535"},"modified":"2023-06-30T00:55:35","modified_gmt":"2023-06-29T22:55:35","slug":"blog","status":"publish","type":"page","link":"https:\/\/seo.org.pl\/en\/materialy\/blog\/","title":{"rendered":"Blog"},"content":{"rendered":"\t\t<div data-elementor-type=\"wp-page\" data-elementor-id=\"12535\" class=\"elementor elementor-12535\">\n\t\t\t\t\t\t<section class=\"elementor-section elementor-top-section elementor-element elementor-element-271e6689 elementor-section-stretched elementor-section-boxed elementor-section-height-default elementor-section-height-default\" data-id=\"271e6689\" data-element_type=\"section\" data-e-type=\"section\" data-settings=\"{&quot;stretch_section&quot;:&quot;section-stretched&quot;,&quot;background_background&quot;:&quot;classic&quot;}\">\n\t\t\t\t\t\t<div class=\"elementor-container elementor-column-gap-default\">\n\t\t\t\t\t<div class=\"elementor-column elementor-col-100 elementor-top-column elementor-element elementor-element-61ce98b1\" data-id=\"61ce98b1\" data-element_type=\"column\" data-e-type=\"column\">\n\t\t\t<div class=\"elementor-widget-wrap elementor-element-populated\">\n\t\t\t\t\t\t<div class=\"elementor-element elementor-element-53b06d0a pp-equal-height-yes pp-posts-thumbnail-ratio elementor-grid-3 elementor-grid-tablet-2 elementor-grid-mobile-1 elementor-widget elementor-widget-pp-posts\" data-id=\"53b06d0a\" data-element_type=\"widget\" data-e-type=\"widget\" data-widget_type=\"pp-posts.classic\">\n\t\t\t\t<div class=\"elementor-widget-container\">\n\t\t\t\t\t\t\t<div class=\"pp-posts-container\">\n\t\t\t\n\t\t\t\t\t\t\t\t\t\t\n\t\t\t<div class=\"pp-posts pp-posts-skin-classic pp-posts-align-buttons elementor-grid pp-posts-grid\" data-query-type=\"custom\" data-layout=\"grid\" data-page=\"12535\" data-skin=\"classic\">\n\t\t\t\t\t\t\t\t\t\t\t<div class=\"pp-post-wrap pp-grid-item-wrap elementor-grid-item post-13308 post type-post status-publish format-standard has-post-thumbnail hentry category-blog entry has-media\">\n\t\t\t\t\t\t<div class=\"pp-post pp-grid-item\">\n\t\t\t\t\t\t<div class=\"pp-post-thumbnail\">\n\t\t\t<a class=\"pp-post-thumbnail-wrap\" href=\"https:\/\/seo.org.pl\/en\/europa-po-wojnie-na-ukrainie-weryfikacja-systemow-bezpieczenstwa-surowcowego-i-energetycznego-europy\/\" title=\"Europa po wojnie na Ukrainie Weryfikacja system\u00f3w bezpiecze\u0144stwa surowcowego i energetycznego Europy\">\n\t\t\t\t<img fetchpriority=\"high\" decoding=\"async\" width=\"955\" height=\"1024\" src=\"https:\/\/seo.org.pl\/wp-content\/uploads\/2022\/03\/DSC_6254-112-955x1024.jpg\" class=\"attachment-large size-large wp-image-13455\" alt=\"\" srcset=\"https:\/\/seo.org.pl\/wp-content\/uploads\/2022\/03\/DSC_6254-112-955x1024.jpg 955w, https:\/\/seo.org.pl\/wp-content\/uploads\/2022\/03\/DSC_6254-112-280x300.jpg 280w, https:\/\/seo.org.pl\/wp-content\/uploads\/2022\/03\/DSC_6254-112-768x824.jpg 768w, https:\/\/seo.org.pl\/wp-content\/uploads\/2022\/03\/DSC_6254-112-1432x1536.jpg 1432w, https:\/\/seo.org.pl\/wp-content\/uploads\/2022\/03\/DSC_6254-112.jpg 1575w\" sizes=\"(max-width: 955px) 100vw, 955px\" \/>\t\t\t<\/a>\n\t\t<\/div>\n\t\t\n\t\t\t\t\n\t\t\t\t<div class=\"pp-post-content-wrap\">\n\t\t\t\t\t<div class=\"pp-post-content\">\n\t\t\t\t\t\t\t\t<div class=\"pp-post-terms-wrap\">\n\t\t\t<span class=\"pp-post-terms\">\n\t\t\t\t<span class=\"pp-post-term\"><a href=\"https:\/\/seo.org.pl\/en\/category\/blog\/\">Blog<\/a><\/span>\t\t\t<\/span>\n\t\t<\/div>\n\t\t\t\t\t\t\t\t<h2 class=\"pp-post-title\">\n\t\t\t\t<a href=\"https:\/\/seo.org.pl\/en\/europa-po-wojnie-na-ukrainie-weryfikacja-systemow-bezpieczenstwa-surowcowego-i-energetycznego-europy\/\">Europa po wojnie na Ukrainie Weryfikacja system\u00f3w bezpiecze\u0144stwa surowcowego i energetycznego Europy<\/a>\t\t\t<\/h2>\n\t\t\t\t\t\t\t\t\t<div class=\"pp-post-meta\">\n\t\t\t\t\t\t<span class=\"pp-post-date\">\n\t\t\t\t\t\t<span class=\"pp-meta-text\">\n\t\t\t\t9 March 2022\t\t\t<\/span>\n\t\t<\/span>\n\t\t<span class=\"pp-meta-separator\"><\/span>\n\t\t\t\t\t\t\t<\/div>\n\t\t\t\t\t<div class=\"pp-post-excerpt\">\n\t\t\t<p>Po agresji Rosji na Ukrain\u0119 nic ju\u017c nie b\u0119dzie takie jak jeszcze przed paroma tygodniami. Pandemia plus ...<\/p>\n\t\t<\/div>\n\t\t\t\t\t\t\t<\/div>\n\t\t\t\t\t\t\t<a class=\"pp-posts-button elementor-button elementor-size-xs\" href=\"https:\/\/seo.org.pl\/en\/europa-po-wojnie-na-ukrainie-weryfikacja-systemow-bezpieczenstwa-surowcowego-i-energetycznego-europy\/\" title=\"Europa po wojnie na Ukrainie Weryfikacja system\u00f3w bezpiecze\u0144stwa surowcowego i energetycznego Europy\" aria-label=\"Read more about Europa po wojnie na Ukrainie Weryfikacja system\u00f3w bezpiecze\u0144stwa surowcowego i energetycznego Europy\">\n\t\t\t\t\t\t\t\t\t\t<span class=\"pp-button-text\">\n\t\t\t\t\t\u27f6\t\t\t\t<\/span>\n\t\t\t\t\t\t\t\t\t<span class=\"pp-button-icon elementor-button-icon elementor-align-icon-right\">\n\t\t\t\t\t\t\t<\/span>\n\t\t\t\t\t<\/a>\n\t\t\t\t\t\t<\/div>\n\n\t\t\t\t\t\t\t<\/div>\n\t\t\t\t\t<\/div>\n\t\t\t\t<div class=\"pp-post-wrap pp-grid-item-wrap elementor-grid-item post-13267 post type-post status-publish format-standard has-post-thumbnail hentry category-blog entry has-media\">\n\t\t\t\t\t\t<div class=\"pp-post pp-grid-item\">\n\t\t\t\t\t\t<div class=\"pp-post-thumbnail\">\n\t\t\t<a class=\"pp-post-thumbnail-wrap\" href=\"https:\/\/seo.org.pl\/en\/optymalny-mix-energetyczny-polski-w-ciagu-najblizszej-dekady-zadania-legislacyjne\/\" title=\"Optymalny mix energetyczny Polski w ci\u0105gu najbli\u017cszej dekady \u2013 zadania legislacyjne.\">\n\t\t\t\t<img fetchpriority=\"high\" decoding=\"async\" width=\"955\" height=\"1024\" src=\"https:\/\/seo.org.pl\/wp-content\/uploads\/2022\/03\/DSC_6254-112-955x1024.jpg\" class=\"attachment-large size-large wp-image-13455\" alt=\"\" srcset=\"https:\/\/seo.org.pl\/wp-content\/uploads\/2022\/03\/DSC_6254-112-955x1024.jpg 955w, https:\/\/seo.org.pl\/wp-content\/uploads\/2022\/03\/DSC_6254-112-280x300.jpg 280w, https:\/\/seo.org.pl\/wp-content\/uploads\/2022\/03\/DSC_6254-112-768x824.jpg 768w, https:\/\/seo.org.pl\/wp-content\/uploads\/2022\/03\/DSC_6254-112-1432x1536.jpg 1432w, https:\/\/seo.org.pl\/wp-content\/uploads\/2022\/03\/DSC_6254-112.jpg 1575w\" sizes=\"(max-width: 955px) 100vw, 955px\" \/>\t\t\t<\/a>\n\t\t<\/div>\n\t\t\n\t\t\t\t\n\t\t\t\t<div class=\"pp-post-content-wrap\">\n\t\t\t\t\t<div class=\"pp-post-content\">\n\t\t\t\t\t\t\t\t<div class=\"pp-post-terms-wrap\">\n\t\t\t<span class=\"pp-post-terms\">\n\t\t\t\t<span class=\"pp-post-term\"><a href=\"https:\/\/seo.org.pl\/en\/category\/blog\/\">Blog<\/a><\/span>\t\t\t<\/span>\n\t\t<\/div>\n\t\t\t\t\t\t\t\t<h2 class=\"pp-post-title\">\n\t\t\t\t<a href=\"https:\/\/seo.org.pl\/en\/optymalny-mix-energetyczny-polski-w-ciagu-najblizszej-dekady-zadania-legislacyjne\/\">Optymalny mix energetyczny Polski w ci\u0105gu najbli\u017cszej dekady \u2013 zadania legislacyjne.<\/a>\t\t\t<\/h2>\n\t\t\t\t\t\t\t\t\t<div class=\"pp-post-meta\">\n\t\t\t\t\t\t<span class=\"pp-post-date\">\n\t\t\t\t\t\t<span class=\"pp-meta-text\">\n\t\t\t\t22 February 2022\t\t\t<\/span>\n\t\t<\/span>\n\t\t<span class=\"pp-meta-separator\"><\/span>\n\t\t\t\t\t\t\t<\/div>\n\t\t\t\t\t<div class=\"pp-post-excerpt\">\n\t\t\t<p>Pomimo du\u017cej aktywizacji ministerstw, kt\u00f3rych zadaniem jest legislacyjne dostosowanie przepis\u00f3w do wymog\u00f3w nowoczesnej transformacji energetycznej, tempo uchwalania ...<\/p>\n\t\t<\/div>\n\t\t\t\t\t\t\t<\/div>\n\t\t\t\t\t\t\t<a class=\"pp-posts-button elementor-button elementor-size-xs\" href=\"https:\/\/seo.org.pl\/en\/optymalny-mix-energetyczny-polski-w-ciagu-najblizszej-dekady-zadania-legislacyjne\/\" title=\"Optymalny mix energetyczny Polski w ci\u0105gu najbli\u017cszej dekady \u2013 zadania legislacyjne.\" aria-label=\"Read more about Optymalny mix energetyczny Polski w ci\u0105gu najbli\u017cszej dekady \u2013 zadania legislacyjne.\">\n\t\t\t\t\t\t\t\t\t\t<span class=\"pp-button-text\">\n\t\t\t\t\t\u27f6\t\t\t\t<\/span>\n\t\t\t\t\t\t\t\t\t<span class=\"pp-button-icon elementor-button-icon elementor-align-icon-right\">\n\t\t\t\t\t\t\t<\/span>\n\t\t\t\t\t<\/a>\n\t\t\t\t\t\t<\/div>\n\n\t\t\t\t\t\t\t<\/div>\n\t\t\t\t\t<\/div>\n\t\t\t\t<div class=\"pp-post-wrap pp-grid-item-wrap elementor-grid-item post-13155 post type-post status-publish format-standard has-post-thumbnail hentry category-blog entry has-media\">\n\t\t\t\t\t\t<div class=\"pp-post pp-grid-item\">\n\t\t\t\t\t\t<div class=\"pp-post-thumbnail\">\n\t\t\t<a class=\"pp-post-thumbnail-wrap\" href=\"https:\/\/seo.org.pl\/en\/energetyka-2021-roku-i-co-dalej\/\" title=\"Energetyka \u20132021 roku i co dalej ?\">\n\t\t\t\t<img fetchpriority=\"high\" decoding=\"async\" width=\"955\" height=\"1024\" src=\"https:\/\/seo.org.pl\/wp-content\/uploads\/2022\/03\/DSC_6254-112-955x1024.jpg\" class=\"attachment-large size-large wp-image-13455\" alt=\"\" srcset=\"https:\/\/seo.org.pl\/wp-content\/uploads\/2022\/03\/DSC_6254-112-955x1024.jpg 955w, https:\/\/seo.org.pl\/wp-content\/uploads\/2022\/03\/DSC_6254-112-280x300.jpg 280w, https:\/\/seo.org.pl\/wp-content\/uploads\/2022\/03\/DSC_6254-112-768x824.jpg 768w, https:\/\/seo.org.pl\/wp-content\/uploads\/2022\/03\/DSC_6254-112-1432x1536.jpg 1432w, https:\/\/seo.org.pl\/wp-content\/uploads\/2022\/03\/DSC_6254-112.jpg 1575w\" sizes=\"(max-width: 955px) 100vw, 955px\" \/>\t\t\t<\/a>\n\t\t<\/div>\n\t\t\n\t\t\t\t\n\t\t\t\t<div class=\"pp-post-content-wrap\">\n\t\t\t\t\t<div class=\"pp-post-content\">\n\t\t\t\t\t\t\t\t<div class=\"pp-post-terms-wrap\">\n\t\t\t<span class=\"pp-post-terms\">\n\t\t\t\t<span class=\"pp-post-term\"><a href=\"https:\/\/seo.org.pl\/en\/category\/blog\/\">Blog<\/a><\/span>\t\t\t<\/span>\n\t\t<\/div>\n\t\t\t\t\t\t\t\t<h2 class=\"pp-post-title\">\n\t\t\t\t<a href=\"https:\/\/seo.org.pl\/en\/energetyka-2021-roku-i-co-dalej\/\">Energetyka \u20132021 roku i co dalej ?<\/a>\t\t\t<\/h2>\n\t\t\t\t\t\t\t\t\t<div class=\"pp-post-meta\">\n\t\t\t\t\t\t<span class=\"pp-post-date\">\n\t\t\t\t\t\t<span class=\"pp-meta-text\">\n\t\t\t\t11 January 2022\t\t\t<\/span>\n\t\t<\/span>\n\t\t<span class=\"pp-meta-separator\"><\/span>\n\t\t\t\t\t\t\t<\/div>\n\t\t\t\t\t<div class=\"pp-post-excerpt\">\n\t\t\t<p>Rok 2021 mo\u017ce okaza\u0107 si\u0119 prze\u0142omowy w podej\u015bciu spo\u0142ecznym do problem\u00f3w energetyki. Dotychczas problemy tego sektora nie ...<\/p>\n\t\t<\/div>\n\t\t\t\t\t\t\t<\/div>\n\t\t\t\t\t\t\t<a class=\"pp-posts-button elementor-button elementor-size-xs\" href=\"https:\/\/seo.org.pl\/en\/energetyka-2021-roku-i-co-dalej\/\" title=\"Energetyka \u20132021 roku i co dalej ?\" aria-label=\"Read more about Energetyka \u20132021 roku i co dalej ?\">\n\t\t\t\t\t\t\t\t\t\t<span class=\"pp-button-text\">\n\t\t\t\t\t\u27f6\t\t\t\t<\/span>\n\t\t\t\t\t\t\t\t\t<span class=\"pp-button-icon elementor-button-icon elementor-align-icon-right\">\n\t\t\t\t\t\t\t<\/span>\n\t\t\t\t\t<\/a>\n\t\t\t\t\t\t<\/div>\n\n\t\t\t\t\t\t\t<\/div>\n\t\t\t\t\t<\/div>\n\t\t\t\t<div class=\"pp-post-wrap pp-grid-item-wrap elementor-grid-item post-12565 post type-post status-publish format-standard has-post-thumbnail hentry category-blog entry has-media\">\n\t\t\t\t\t\t<div class=\"pp-post pp-grid-item\">\n\t\t\t\t\t\t<div class=\"pp-post-thumbnail\">\n\t\t\t<a class=\"pp-post-thumbnail-wrap\" href=\"https:\/\/seo.org.pl\/en\/wpis-numer-2-bez-tytulu\/\" title=\"Wpis numer 2 &#8211; bez tytu\u0142u\">\n\t\t\t\t<img fetchpriority=\"high\" decoding=\"async\" width=\"955\" height=\"1024\" src=\"https:\/\/seo.org.pl\/wp-content\/uploads\/2022\/03\/DSC_6254-112-955x1024.jpg\" class=\"attachment-large size-large wp-image-13455\" alt=\"\" srcset=\"https:\/\/seo.org.pl\/wp-content\/uploads\/2022\/03\/DSC_6254-112-955x1024.jpg 955w, https:\/\/seo.org.pl\/wp-content\/uploads\/2022\/03\/DSC_6254-112-280x300.jpg 280w, https:\/\/seo.org.pl\/wp-content\/uploads\/2022\/03\/DSC_6254-112-768x824.jpg 768w, https:\/\/seo.org.pl\/wp-content\/uploads\/2022\/03\/DSC_6254-112-1432x1536.jpg 1432w, https:\/\/seo.org.pl\/wp-content\/uploads\/2022\/03\/DSC_6254-112.jpg 1575w\" sizes=\"(max-width: 955px) 100vw, 955px\" \/>\t\t\t<\/a>\n\t\t<\/div>\n\t\t\n\t\t\t\t\n\t\t\t\t<div class=\"pp-post-content-wrap\">\n\t\t\t\t\t<div class=\"pp-post-content\">\n\t\t\t\t\t\t\t\t<div class=\"pp-post-terms-wrap\">\n\t\t\t<span class=\"pp-post-terms\">\n\t\t\t\t<span class=\"pp-post-term\"><a href=\"https:\/\/seo.org.pl\/en\/category\/blog\/\">Blog<\/a><\/span>\t\t\t<\/span>\n\t\t<\/div>\n\t\t\t\t\t\t\t\t<h2 class=\"pp-post-title\">\n\t\t\t\t<a href=\"https:\/\/seo.org.pl\/en\/wpis-numer-2-bez-tytulu\/\">Wpis numer 2 &#8211; bez tytu\u0142u<\/a>\t\t\t<\/h2>\n\t\t\t\t\t\t\t\t\t<div class=\"pp-post-meta\">\n\t\t\t\t\t\t<span class=\"pp-post-date\">\n\t\t\t\t\t\t<span class=\"pp-meta-text\">\n\t\t\t\t9 August 2021\t\t\t<\/span>\n\t\t<\/span>\n\t\t<span class=\"pp-meta-separator\"><\/span>\n\t\t\t\t\t\t\t<\/div>\n\t\t\t\t\t<div class=\"pp-post-excerpt\">\n\t\t\t<p>Du\u017co si\u0119 dzieje w bran\u017cy energetycznej, zar\u00f3wno Ministerstwo Klimatu jak i Ministerstwo Rozwoju podejmuj\u0105 szereg inicjatyw legislacyjnych ...<\/p>\n\t\t<\/div>\n\t\t\t\t\t\t\t<\/div>\n\t\t\t\t\t\t\t<a class=\"pp-posts-button elementor-button elementor-size-xs\" href=\"https:\/\/seo.org.pl\/en\/wpis-numer-2-bez-tytulu\/\" title=\"Wpis numer 2 &#8211; bez tytu\u0142u\" aria-label=\"Read more about Wpis numer 2 &#8211; bez tytu\u0142u\">\n\t\t\t\t\t\t\t\t\t\t<span class=\"pp-button-text\">\n\t\t\t\t\t\u27f6\t\t\t\t<\/span>\n\t\t\t\t\t\t\t\t\t<span class=\"pp-button-icon elementor-button-icon elementor-align-icon-right\">\n\t\t\t\t\t\t\t<\/span>\n\t\t\t\t\t<\/a>\n\t\t\t\t\t\t<\/div>\n\n\t\t\t\t\t\t\t<\/div>\n\t\t\t\t\t<\/div>\n\t\t\t\t<div class=\"pp-post-wrap pp-grid-item-wrap elementor-grid-item post-12533 post type-post status-publish format-standard has-post-thumbnail hentry category-blog entry has-media\">\n\t\t\t\t\t\t<div class=\"pp-post pp-grid-item\">\n\t\t\t\t\t\t<div class=\"pp-post-thumbnail\">\n\t\t\t<a class=\"pp-post-thumbnail-wrap\" href=\"https:\/\/seo.org.pl\/en\/tworzenie-nowego-ladu-energetycznego-obowiazek-legislacyjny-i-decyzyjny\/\" title=\"Tworzenie nowego \u0142adu energetycznego \u2013 obowi\u0105zek legislacyjny i decyzyjny.\">\n\t\t\t\t<img fetchpriority=\"high\" decoding=\"async\" width=\"955\" height=\"1024\" src=\"https:\/\/seo.org.pl\/wp-content\/uploads\/2022\/03\/DSC_6254-112-955x1024.jpg\" class=\"attachment-large size-large wp-image-13455\" alt=\"\" srcset=\"https:\/\/seo.org.pl\/wp-content\/uploads\/2022\/03\/DSC_6254-112-955x1024.jpg 955w, https:\/\/seo.org.pl\/wp-content\/uploads\/2022\/03\/DSC_6254-112-280x300.jpg 280w, https:\/\/seo.org.pl\/wp-content\/uploads\/2022\/03\/DSC_6254-112-768x824.jpg 768w, https:\/\/seo.org.pl\/wp-content\/uploads\/2022\/03\/DSC_6254-112-1432x1536.jpg 1432w, https:\/\/seo.org.pl\/wp-content\/uploads\/2022\/03\/DSC_6254-112.jpg 1575w\" sizes=\"(max-width: 955px) 100vw, 955px\" \/>\t\t\t<\/a>\n\t\t<\/div>\n\t\t\n\t\t\t\t\n\t\t\t\t<div class=\"pp-post-content-wrap\">\n\t\t\t\t\t<div class=\"pp-post-content\">\n\t\t\t\t\t\t\t\t<div class=\"pp-post-terms-wrap\">\n\t\t\t<span class=\"pp-post-terms\">\n\t\t\t\t<span class=\"pp-post-term\"><a href=\"https:\/\/seo.org.pl\/en\/category\/blog\/\">Blog<\/a><\/span>\t\t\t<\/span>\n\t\t<\/div>\n\t\t\t\t\t\t\t\t<h2 class=\"pp-post-title\">\n\t\t\t\t<a href=\"https:\/\/seo.org.pl\/en\/tworzenie-nowego-ladu-energetycznego-obowiazek-legislacyjny-i-decyzyjny\/\">Tworzenie nowego \u0142adu energetycznego \u2013 obowi\u0105zek legislacyjny i decyzyjny.<\/a>\t\t\t<\/h2>\n\t\t\t\t\t\t\t\t\t<div class=\"pp-post-meta\">\n\t\t\t\t\t\t<span class=\"pp-post-date\">\n\t\t\t\t\t\t<span class=\"pp-meta-text\">\n\t\t\t\t6 August 2021\t\t\t<\/span>\n\t\t<\/span>\n\t\t<span class=\"pp-meta-separator\"><\/span>\n\t\t\t\t\t\t\t<\/div>\n\t\t\t\t\t<div class=\"pp-post-excerpt\">\n\t\t\t<p>W ostatnim czasie obserwujemy intensyfikacj\u0119 inicjatyw i dzia\u0142a\u0144 legislacyjnych ze strony Ministerstwa Klimatu i Ochrony \u015arodowiska i ...<\/p>\n\t\t<\/div>\n\t\t\t\t\t\t\t<\/div>\n\t\t\t\t\t\t\t<a class=\"pp-posts-button elementor-button elementor-size-xs\" href=\"https:\/\/seo.org.pl\/en\/tworzenie-nowego-ladu-energetycznego-obowiazek-legislacyjny-i-decyzyjny\/\" title=\"Tworzenie nowego \u0142adu energetycznego \u2013 obowi\u0105zek legislacyjny i decyzyjny.\" aria-label=\"Read more about Tworzenie nowego \u0142adu energetycznego \u2013 obowi\u0105zek legislacyjny i decyzyjny.\">\n\t\t\t\t\t\t\t\t\t\t<span class=\"pp-button-text\">\n\t\t\t\t\t\u27f6\t\t\t\t<\/span>\n\t\t\t\t\t\t\t\t\t<span class=\"pp-button-icon elementor-button-icon elementor-align-icon-right\">\n\t\t\t\t\t\t\t<\/span>\n\t\t\t\t\t<\/a>\n\t\t\t\t\t\t<\/div>\n\n\t\t\t\t\t\t\t<\/div>\n\t\t\t\t\t<\/div>\n\t\t\t\t\t\t\t\t\t<\/div>\n\t\t\t\n\t\t\t\n\t\t\t\n\t\t\t\n\t\t\t\t\t\t\t\t\t\t\t\t<\/div>\n\n\t\t\n\t\t\t\t\t\t<\/div>\n\t\t\t\t<\/div>\n\t\t\t\t\t<\/div>\n\t\t<\/div>\n\t\t\t\t\t<\/div>\n\t\t<\/section>\n\t\t\t\t<\/div>\n\t\t","protected":false},"excerpt":{"rendered":"<p>Blog Europa po wojnie na Ukrainie Weryfikacja system\u00f3w bezpiecze\u0144stwa surowcowego i energetycznego Europy 9 marca 2022 Po agresji Rosji na Ukrain\u0119 nic ju\u017c nie b\u0119dzie takie jak jeszcze przed paroma tygodniami. Pandemia plus wojna z ca\u0142\u0105 pewno\u015bci\u0105 zmieni\u0105 podej\u015bcie Europejczyk\u00f3w do podstawowych warto\u015bci dotycz\u0105cych \u017cycia europejskich spo\u0142ecze\u0144stw. \u27f6 Blog Optymalny mix energetyczny Polski w ci\u0105gu [&hellip;]<\/p>\n","protected":false},"author":1,"featured_media":0,"parent":12354,"menu_order":2,"comment_status":"closed","ping_status":"closed","template":"","meta":{"ocean_post_layout":"","ocean_both_sidebars_style":"","ocean_both_sidebars_content_width":0,"ocean_both_sidebars_sidebars_width":0,"ocean_sidebar":"0","ocean_second_sidebar":"0","ocean_disable_margins":"on","ocean_add_body_class":"","ocean_shortcode_before_top_bar":"","ocean_shortcode_after_top_bar":"","ocean_shortcode_before_header":"","ocean_shortcode_after_header":"","ocean_has_shortcode":"","ocean_shortcode_after_title":"","ocean_shortcode_before_footer_widgets":"","ocean_shortcode_after_footer_widgets":"","ocean_shortcode_before_footer_bottom":"","ocean_shortcode_after_footer_bottom":"","ocean_display_top_bar":"default","ocean_display_header":"default","ocean_header_style":"","ocean_center_header_left_menu":"0","ocean_custom_header_template":"0","ocean_custom_logo":0,"ocean_custom_retina_logo":0,"ocean_custom_logo_max_width":0,"ocean_custom_logo_tablet_max_width":0,"ocean_custom_logo_mobile_max_width":0,"ocean_custom_logo_max_height":0,"ocean_custom_logo_tablet_max_height":0,"ocean_custom_logo_mobile_max_height":0,"ocean_header_custom_menu":"0","ocean_menu_typo_font_family":"0","ocean_menu_typo_font_subset":"","ocean_menu_typo_font_size":0,"ocean_menu_typo_font_size_tablet":0,"ocean_menu_typo_font_size_mobile":0,"ocean_menu_typo_font_size_unit":"px","ocean_menu_typo_font_weight":"","ocean_menu_typo_font_weight_tablet":"","ocean_menu_typo_font_weight_mobile":"","ocean_menu_typo_transform":"","ocean_menu_typo_transform_tablet":"","ocean_menu_typo_transform_mobile":"","ocean_menu_typo_line_height":0,"ocean_menu_typo_line_height_tablet":0,"ocean_menu_typo_line_height_mobile":0,"ocean_menu_typo_line_height_unit":"","ocean_menu_typo_spacing":0,"ocean_menu_typo_spacing_tablet":0,"ocean_menu_typo_spacing_mobile":0,"ocean_menu_typo_spacing_unit":"","ocean_menu_link_color":"","ocean_menu_link_color_hover":"","ocean_menu_link_color_active":"","ocean_menu_link_background":"","ocean_menu_link_hover_background":"","ocean_menu_link_active_background":"","ocean_menu_social_links_bg":"","ocean_menu_social_hover_links_bg":"","ocean_menu_social_links_color":"","ocean_menu_social_hover_links_color":"","ocean_disable_title":"default","ocean_disable_heading":"default","ocean_post_title":"","ocean_post_subheading":"","ocean_post_title_style":"","ocean_post_title_background_color":"","ocean_post_title_background":0,"ocean_post_title_bg_image_position":"","ocean_post_title_bg_image_attachment":"","ocean_post_title_bg_image_repeat":"","ocean_post_title_bg_image_size":"","ocean_post_title_height":0,"ocean_post_title_bg_overlay":0.5,"ocean_post_title_bg_overlay_color":"","ocean_disable_breadcrumbs":"default","ocean_breadcrumbs_color":"","ocean_breadcrumbs_separator_color":"","ocean_breadcrumbs_links_color":"","ocean_breadcrumbs_links_hover_color":"","ocean_display_footer_widgets":"default","ocean_display_footer_bottom":"default","ocean_custom_footer_template":"0","footnotes":""},"class_list":["post-12535","page","type-page","status-publish","hentry","entry","has-media"],"_links":{"self":[{"href":"https:\/\/seo.org.pl\/en\/wp-json\/wp\/v2\/pages\/12535","targetHints":{"allow":["GET"]}}],"collection":[{"href":"https:\/\/seo.org.pl\/en\/wp-json\/wp\/v2\/pages"}],"about":[{"href":"https:\/\/seo.org.pl\/en\/wp-json\/wp\/v2\/types\/page"}],"author":[{"embeddable":true,"href":"https:\/\/seo.org.pl\/en\/wp-json\/wp\/v2\/users\/1"}],"replies":[{"embeddable":true,"href":"https:\/\/seo.org.pl\/en\/wp-json\/wp\/v2\/comments?post=12535"}],"version-history":[{"count":0,"href":"https:\/\/seo.org.pl\/en\/wp-json\/wp\/v2\/pages\/12535\/revisions"}],"up":[{"embeddable":true,"href":"https:\/\/seo.org.pl\/en\/wp-json\/wp\/v2\/pages\/12354"}],"wp:attachment":[{"href":"https:\/\/seo.org.pl\/en\/wp-json\/wp\/v2\/media?parent=12535"}],"curies":[{"name":"wp","href":"https:\/\/api.w.org\/{rel}","templated":true}]}}